{"id":6378,"date":"2022-10-28T13:00:11","date_gmt":"2022-10-28T13:00:11","guid":{"rendered":"http:\/\/graphias.com.br\/2022?page_id=6378"},"modified":"2022-12-15T18:01:22","modified_gmt":"2022-12-15T18:01:22","slug":"atelier-e-noticias","status":"publish","type":"page","link":"https:\/\/graphias.com.br\/novo\/atelier-e-noticias\/","title":{"rendered":"Arquivo &#8211; Atelier e Not\u00edcias"},"content":{"rendered":"<div class=\"wpb-content-wrapper\">[vc_row][vc_column]<div id=\"cz_49632\" class=\"cz_49632 cz_title clr cz_title_pos_inline tac\"><div class=\"cz_title_content\"><div class=\"cz_wpe_content\"><p style=\"text-align: center;\">Por aqui voc\u00ea acompanha os mais recentes movimentos no atelier, desde a elabora\u00e7\u00e3o de livros, edi\u00e7\u00e3o para artista, experi\u00eancias em t\u00e9cnica de grava\u00e7\u00e3o de matriz nas t\u00e9cnicas de gravura, metal, xilogravura e litografia, informativos de tipos de materiais utilizados sobretudo papel, etc.<\/p>\n<\/div><\/div><\/div>[\/vc_column][\/vc_row][vc_row][vc_column]<div class=\"cz_gap clr \" style=\"height: 80px\"><\/div>[\/vc_column][\/vc_row][vc_row][vc_column]<div id=\"cz_39614\" class=\"cz_39614\"><div class=\"cz_grid cz_grid_posts cz_grid_1 clr cz_posts_list_1 cz_grid_1_title_sub_after cz_grid_1_has_excerpt cz_grid_1_bot tal cz_single_line_title\" data-atts='{\"action\":\"cz_ajax_posts\",\"post_class\":\"cz_grid_item\",\"post__in\":null,\"author__in\":null,\"nonce\":\"c045389359\",\"nonce_id\":\"cz_39614\",\"loadmore_end\":\"Not found more posts\",\"layout\":\"cz_posts_list_1\",\"hover\":\"cz_grid_1_title_sub_after cz_grid_1_has_excerpt\",\"image_size\":\"codevz_360_320\",\"subtitles\":\"%5B%5D\",\"subtitle_pos\":\"\",\"icon\":\"\",\"el\":\"25\",\"title_lenght\":\"\",\"cat_tax\":\"category\",\"cat\":\"\",\"cat_exclude\":\"\",\"tag_tax\":\"post_tag\",\"tag_id\":\"\",\"tag_exclude\":\"\",\"post_type\":\"portfolio\",\"posts_per_page\":\"20\",\"order\":\"DESC\",\"orderby\":\"date\",\"tilt_data\":null,\"svg_sizes\":[\"360\",\"320\"],\"img_fx\":\"\",\"custom_size\":\"\",\"excerpt_rm\":\"true\",\"title_tag\":\"h3\",\"s\":\"\"}'><div class=\"cz_grid_item cz_grid_first\"><\/div><div data-id=\"7133\" class=\"cz_grid_item  cz_posts_list_even 7133 post-7133 portfolio type-portfolio status-publish format-standard has-post-thumbnail hentry\"><div class=\"clr\"><a class=\"cz_grid_link\" href=\"https:\/\/graphias.com.br\/novo\/portfolio\/impressao-de-cliches\/\" title=\"Impress\u00e3o de Clich\u00eas\"><img loading=\"lazy\" decoding=\"async\" width=\"360\" height=\"320\" src=\"https:\/\/graphias.com.br\/novo\/wp-content\/uploads\/2022\/12\/7-Cliche-4909-imagem-destacada-405x225-1-360x320.png\" class=\"attachment-codevz_360_320\" alt=\"7   Cliche 4909 imagem destacada 405x225\" title=\"7 - Cliche 4909 imagem destacada 405x225\" loading=\"lazy\" \/><div class=\"cz_grid_details\"><i class=\" cz_grid_icon\"><\/i><\/div><\/a><div class=\"cz_grid_details cz_grid_details_outside\"><a class=\"cz_grid_title\" href=\"https:\/\/graphias.com.br\/novo\/portfolio\/impressao-de-cliches\/\"><h3 class=\"cz_grid_post_title\">Impress\u00e3o de Clich\u00eas<\/h3><\/a><div class=\"cz_post_excerpt\">&nbsp; &nbsp; ilustra\u00e7\u00e3o do Livro \"Ren\u00fancia\" de Emmanoel Guedes, 1940.<a class=\"cz_readmore\" href=\"https:\/\/graphias.com.br\/novo\/portfolio\/impressao-de-cliches\/\"><i class=\"fa fa-angle-right\" aria-hidden=\"true\"><\/i><span>Saiba Mais<strong class=\"screen-reader-text\"> - Impress\u00e3o de Clich\u00eas<\/strong><\/span><\/a><\/div><\/div><\/div><\/div><div data-id=\"6979\" class=\"cz_grid_item  cz_posts_list_odd 6979 post-6979 portfolio type-portfolio status-publish format-standard has-post-thumbnail hentry\"><div class=\"clr\"><a class=\"cz_grid_link\" href=\"https:\/\/graphias.com.br\/novo\/portfolio\/xilogravura-e-matriz-de-recorte-de-zinia-carvalho\/\" title=\"Xilogravura e matriz de recorte de Z\u00ednia Carvalho\"><img loading=\"lazy\" decoding=\"async\" width=\"360\" height=\"320\" src=\"https:\/\/graphias.com.br\/novo\/wp-content\/uploads\/2022\/12\/edicao-Zinia-03-360x320.png\" class=\"attachment-codevz_360_320\" alt=\"Edi\u00e7\u00e3o Z\u00ednia 03\" title=\"edi\u00e7\u00e3o Z\u00ednia 03\" loading=\"lazy\" \/><div class=\"cz_grid_details\"><i class=\" cz_grid_icon\"><\/i><\/div><\/a><div class=\"cz_grid_details cz_grid_details_outside\"><a class=\"cz_grid_title\" href=\"https:\/\/graphias.com.br\/novo\/portfolio\/xilogravura-e-matriz-de-recorte-de-zinia-carvalho\/\"><h3 class=\"cz_grid_post_title\">Xilogravura e matriz de recorte de Z\u00ednia Carvalho<\/h3><\/a><div class=\"cz_post_excerpt\">Trabalho desenvolvido na Graphias no segundo semestre de 2022. Projeto para exposi\u00e7\u00e3o \"Artistas na Graphias 2023\" &nbsp;<a class=\"cz_readmore\" href=\"https:\/\/graphias.com.br\/novo\/portfolio\/xilogravura-e-matriz-de-recorte-de-zinia-carvalho\/\"><i class=\"fa fa-angle-right\" aria-hidden=\"true\"><\/i><span>Saiba Mais<strong class=\"screen-reader-text\"> - Xilogravura e matriz de recorte de Z\u00ednia Carvalho<\/strong><\/span><\/a><\/div><\/div><\/div><\/div><div class=\"tac mt40 cz_no_grid\"><\/div><\/div><\/div>[\/vc_column][\/vc_row]\n<\/div>","protected":false},"excerpt":{"rendered":"<p>[vc_row][vc_column][\/vc_column][\/vc_row][vc_row][vc_column][\/vc_column][\/vc_row][vc_row][vc_column][\/vc_column][\/vc_row] &#8230; <a class=\"cz_readmore\" href=\"https:\/\/graphias.com.br\/novo\/portfolio\/xilogravura-e-matriz-de-recorte-de-zinia-carvalho\/\"><i class=\"fa fa-angle-right\" aria-hidden=\"true\"><\/i><span>Saiba Mais<\/span><\/a><\/p>\n","protected":false},"author":1,"featured_media":0,"parent":0,"menu_order":0,"comment_status":"closed","ping_status":"closed","template":"","meta":{"footnotes":""},"class_list":["post-6378","page","type-page","status-publish","hentry"],"_links":{"self":[{"href":"https:\/\/graphias.com.br\/novo\/wp-json\/wp\/v2\/pages\/6378","targetHints":{"allow":["GET"]}}],"collection":[{"href":"https:\/\/graphias.com.br\/novo\/wp-json\/wp\/v2\/pages"}],"about":[{"href":"https:\/\/graphias.com.br\/novo\/wp-json\/wp\/v2\/types\/page"}],"author":[{"embeddable":true,"href":"https:\/\/graphias.com.br\/novo\/wp-json\/wp\/v2\/users\/1"}],"replies":[{"embeddable":true,"href":"https:\/\/graphias.com.br\/novo\/wp-json\/wp\/v2\/comments?post=6378"}],"version-history":[{"count":15,"href":"https:\/\/graphias.com.br\/novo\/wp-json\/wp\/v2\/pages\/6378\/revisions"}],"predecessor-version":[{"id":7110,"href":"https:\/\/graphias.com.br\/novo\/wp-json\/wp\/v2\/pages\/6378\/revisions\/7110"}],"wp:attachment":[{"href":"https:\/\/graphias.com.br\/novo\/wp-json\/wp\/v2\/media?parent=6378"}],"curies":[{"name":"wp","href":"https:\/\/api.w.org\/{rel}","templated":true}]}}