{"id":6892,"date":"2022-11-28T13:17:23","date_gmt":"2022-11-28T13:17:23","guid":{"rendered":"https:\/\/graphias.com.br\/novo\/?page_id=6892"},"modified":"2022-12-15T15:00:56","modified_gmt":"2022-12-15T15:00:56","slug":"exposicoes","status":"publish","type":"page","link":"https:\/\/graphias.com.br\/novo\/exposicoes\/","title":{"rendered":"EXPOSI\u00c7\u00d5ES"},"content":{"rendered":"<div class=\"wpb-content-wrapper\">[vc_row][vc_column]<div id=\"cz_92341\" class=\"cz_92341 cz_title clr cz_title_pos_inline tac\"><div class=\"cz_title_content\"><div class=\"cz_wpe_content\"><p style=\"text-align: center;\">Desde 2003 o Espa\u00e7o Expositivo da <strong>Graphias<\/strong> realizou 90 mostras individuais e coletivas.<\/p>\n<p style=\"text-align: center;\">Consulte o hist\u00f3rico por Exposi\u00e7\u00e3o ou Ano de realiza\u00e7\u00e3o.<\/p>\n<\/div><\/div><\/div><div class=\"cz_gap clr \" style=\"height: 50px\"><\/div><div id=\"cz_62677\" class=\"cz_62677\"><div class=\"cz_grid cz_grid_posts cz_grid_1 clr cz_posts_list_4 cz_grid_1_title_sub_after cz_grid_1_has_excerpt cz_grid_1_bot tal\" data-atts='{\"action\":\"cz_ajax_posts\",\"post_class\":\"cz_grid_item\",\"post__in\":null,\"author__in\":null,\"nonce\":\"61004f5307\",\"nonce_id\":\"cz_62677\",\"loadmore_end\":\"Not found more posts\",\"layout\":\"cz_posts_list_4\",\"hover\":\"cz_grid_1_title_sub_after cz_grid_1_has_excerpt\",\"image_size\":\"codevz_1200_500\",\"subtitles\":\"%5B%7B%22t%22%3A%22date%22%7D%5D\",\"subtitle_pos\":\"\",\"icon\":\"\",\"el\":\"0\",\"title_lenght\":\"\",\"cat_tax\":\"category\",\"cat\":\"\",\"cat_exclude\":\"\",\"tag_tax\":\"post_tag\",\"tag_id\":\"\",\"tag_exclude\":\"\",\"post_type\":\"post\",\"posts_per_page\":\"10\",\"order\":\"DESC\",\"orderby\":\"date\",\"tilt_data\":null,\"svg_sizes\":[\"1200\",\"500\"],\"img_fx\":\"\",\"custom_size\":\"\",\"excerpt_rm\":false,\"title_tag\":\"h3\",\"s\":\"\"}' data-animation=\"cz_grid_anim_fade_in\"><div class=\"cz_grid_item cz_grid_first\"><\/div><div data-id=\"7873\" class=\"cz_grid_item  cz_posts_list_even 7873 post-7873 post type-post status-publish format-standard has-post-thumbnail hentry category-1437\"><div class=\"clr\"><a class=\"cz_grid_link\" href=\"https:\/\/graphias.com.br\/novo\/pontes-ponteiros-gabriela-sacchetto-e-marcia-cymbalista\/\" title=\"Pontes Ponteiros &#8211; Gabriela Sacchetto e M\u00e1rcia Cymbalista\"><img loading=\"lazy\" decoding=\"async\" width=\"1200\" height=\"500\" src=\"https:\/\/graphias.com.br\/novo\/wp-content\/uploads\/2025\/04\/imagem-destacada-405-x-225-1200x500.png\" class=\"attachment-codevz_1200_500\" alt=\"Imagem destacada 405 x 225\" title=\"imagem destacada 405 x 225\" loading=\"lazy\" \/><div class=\"cz_grid_details\"><i class=\" cz_grid_icon\"><\/i><\/div><\/a><div class=\"cz_grid_details cz_grid_details_outside\"><a class=\"cz_grid_title\" href=\"https:\/\/graphias.com.br\/novo\/pontes-ponteiros-gabriela-sacchetto-e-marcia-cymbalista\/\"><h3 class=\"cz_grid_post_title\">Pontes Ponteiros &#8211; Gabriela Sacchetto e M\u00e1rcia Cymbalista<\/h3><\/a><small class=\"clr\"><span class=\"cz_post_data cz_data_date\"><a href=\"https:\/\/graphias.com.br\/novo\/pontes-ponteiros-gabriela-sacchetto-e-marcia-cymbalista\/\">20\/06\/2025<\/a><\/span><\/small><div class=\"cz_post_excerpt\">A exposi\u00e7\u00e3o Pontes Ponteiros nasce do desejo de reunir uma sele\u00e7\u00e3o de pinturas e desenhos de Gabriela Sacchetto e Marcia Cymbalista em um mesmo espa\u00e7o, apresentando conex\u00f5es entre suas produ\u00e7\u00f5es. As artistas compartilham o olhar atento para o entorno. Algumas paisagens s\u00e3o desenhadas por ambas \u2014 em momentos diferentes \u2014...<\/div><\/div><\/div><\/div><div data-id=\"7792\" class=\"cz_grid_item  cz_posts_list_odd 7792 post-7792 post type-post status-publish format-standard has-post-thumbnail hentry category-1437 category-ano\"><div class=\"clr\"><a class=\"cz_grid_link\" href=\"https:\/\/graphias.com.br\/novo\/117-fogo-e-carvao-desenhos-de-julio-minervino\/\" title=\"117 &#8211; Fogo e Carv\u00e3o desenhos de J\u00falio Minervino\"><img loading=\"lazy\" decoding=\"async\" width=\"1200\" height=\"500\" src=\"https:\/\/graphias.com.br\/novo\/wp-content\/uploads\/2025\/03\/JMimg14-imagem-destacada-455x205-1-1200x500.png\" class=\"attachment-codevz_1200_500\" alt=\"JMimg14 imagem destacada 455x205\" loading=\"lazy\" \/><div class=\"cz_grid_details\"><i class=\" cz_grid_icon\"><\/i><\/div><\/a><div class=\"cz_grid_details cz_grid_details_outside\"><a class=\"cz_grid_title\" href=\"https:\/\/graphias.com.br\/novo\/117-fogo-e-carvao-desenhos-de-julio-minervino\/\"><h3 class=\"cz_grid_post_title\">117 &#8211; Fogo e Carv\u00e3o desenhos de J\u00falio Minervino<\/h3><\/a><small class=\"clr\"><span class=\"cz_post_data cz_data_date\"><a href=\"https:\/\/graphias.com.br\/novo\/117-fogo-e-carvao-desenhos-de-julio-minervino\/\">08\/03\/2025<\/a><\/span><\/small><div class=\"cz_post_excerpt\">Exposi\u00e7\u00e3o de desenhos de carv\u00e3o do artista Julio Minervino ...<\/div><\/div><\/div><\/div><div data-id=\"7751\" class=\"cz_grid_item  cz_posts_list_even 7751 post-7751 post type-post status-publish format-standard has-post-thumbnail hentry category-1432\"><div class=\"clr\"><a class=\"cz_grid_link\" href=\"https:\/\/graphias.com.br\/novo\/116-atacamachaca-marco-buti\/\" title=\"116 &#8211; ATACAMACHA\u00c7A &#8211; Marco Buti\"><img loading=\"lazy\" decoding=\"async\" width=\"1200\" height=\"500\" src=\"https:\/\/graphias.com.br\/novo\/wp-content\/uploads\/2024\/04\/convite-tacamachaca-imagem-destacada-1200x500.png\" class=\"attachment-codevz_1200_500\" alt=\"Convite tacamacha\u00e7a imagem destacada\" title=\"convite tacamacha\u00e7a imagem destacada\" loading=\"lazy\" \/><div class=\"cz_grid_details\"><i class=\" cz_grid_icon\"><\/i><\/div><\/a><div class=\"cz_grid_details cz_grid_details_outside\"><a class=\"cz_grid_title\" href=\"https:\/\/graphias.com.br\/novo\/116-atacamachaca-marco-buti\/\"><h3 class=\"cz_grid_post_title\">116 &#8211; ATACAMACHA\u00c7A &#8211; Marco Buti<\/h3><\/a><small class=\"clr\"><span class=\"cz_post_data cz_data_date\"><a href=\"https:\/\/graphias.com.br\/novo\/116-atacamachaca-marco-buti\/\">18\/04\/2024<\/a><\/span><\/small><div class=\"cz_post_excerpt\">Projeto\u00a0 \"ATACAMACHA\u00c7A\" iniciou no ano 2012: trata-se de atrav\u00e9s de grava\u00e7\u00e3o em uma \u00fanica matriz de cobre e t\u00e9cnicas de gravura em metal, hoje, 2024, foram gravadas e impressas 123 gravuras que fazem parte da exposi\u00e7\u00e3o de Marco Buti. ...<\/div><\/div><\/div><\/div><div data-id=\"7395\" class=\"cz_grid_item  cz_posts_list_odd 7395 post-7395 post type-post status-publish format-standard hentry category-1433 category-sem-categoria\"><div class=\"clr\"><a class=\"cz_grid_link\" href=\"https:\/\/graphias.com.br\/novo\/norma-mobilon-dobras-e-paisagens\/\" title=\"Norma Mobilon &#8211; Dobras e Paisagens\"><img loading=\"lazy\" decoding=\"async\" loading=\"lazy\" src=\"https:\/\/graphias.com.br\/novo\/wp-content\/plugins\/codevz-plus\/assets\/img\/p.svg\" class=\"xtra-placeholder \" width=\"1000\" height=\"1000\" alt=\"image\" \/><div class=\"cz_grid_details\"><i class=\" cz_grid_icon\"><\/i><\/div><\/a><div class=\"cz_grid_details cz_grid_details_outside\"><a class=\"cz_grid_title\" href=\"https:\/\/graphias.com.br\/novo\/norma-mobilon-dobras-e-paisagens\/\"><h3 class=\"cz_grid_post_title\">Norma Mobilon &#8211; Dobras e Paisagens<\/h3><\/a><small class=\"clr\"><span class=\"cz_post_data cz_data_date\"><a href=\"https:\/\/graphias.com.br\/novo\/norma-mobilon-dobras-e-paisagens\/\">18\/05\/2023<\/a><\/span><\/small><div class=\"cz_post_excerpt\">Gravuras e Guaches ...<\/div><\/div><\/div><\/div><div data-id=\"6119\" class=\"cz_grid_item  cz_posts_list_even 6119 post-6119 post type-post status-publish format-standard has-post-thumbnail hentry category-1324\"><div class=\"clr\"><a class=\"cz_grid_link\" href=\"https:\/\/graphias.com.br\/novo\/arte-design-graphias-2021-claudia-gutlich\/\" title=\"\u2018Arte | Design\u2019 graphias 2021 &#8211; Claudia G\u00fctlich\"><img loading=\"lazy\" decoding=\"async\" width=\"750\" height=\"375\" src=\"https:\/\/graphias.com.br\/novo\/wp-content\/uploads\/2021\/11\/ClG-imagem-destacada-800-x-400.png\" class=\"attachment-codevz_1200_500\" alt=\"Clg imagem destacada 800 x 400\" title=\"clg-imagem-destacada-800-x-400\" srcset=\"https:\/\/graphias.com.br\/novo\/wp-content\/uploads\/2021\/11\/ClG-imagem-destacada-800-x-400.png 750w, https:\/\/graphias.com.br\/novo\/wp-content\/uploads\/2021\/11\/ClG-imagem-destacada-800-x-400-300x150.png 300w, https:\/\/graphias.com.br\/novo\/wp-content\/uploads\/2021\/11\/ClG-imagem-destacada-800-x-400-600x300.png 600w\" sizes=\"auto, (max-width: 750px) 100vw, 750px\" loading=\"lazy\" \/><div class=\"cz_grid_details\"><i class=\" cz_grid_icon\"><\/i><\/div><\/a><div class=\"cz_grid_details cz_grid_details_outside\"><a class=\"cz_grid_title\" href=\"https:\/\/graphias.com.br\/novo\/arte-design-graphias-2021-claudia-gutlich\/\"><h3 class=\"cz_grid_post_title\">\u2018Arte | Design\u2019 graphias 2021 &#8211; Claudia G\u00fctlich<\/h3><\/a><small class=\"clr\"><span class=\"cz_post_data cz_data_date\"><a href=\"https:\/\/graphias.com.br\/novo\/arte-design-graphias-2021-claudia-gutlich\/\">26\/11\/2021<\/a><\/span><\/small><div class=\"cz_post_excerpt\"> ...<\/div><\/div><\/div><\/div><div data-id=\"6115\" class=\"cz_grid_item  cz_posts_list_odd 6115 post-6115 post type-post status-publish format-standard has-post-thumbnail hentry category-1324\"><div class=\"clr\"><a class=\"cz_grid_link\" href=\"https:\/\/graphias.com.br\/novo\/arte-design-graphias-2021-rosana-marioto\/\" title=\"\u2018Arte | Design\u2019 graphias 2021 &#8211; Rosana Marioto\"><img loading=\"lazy\" decoding=\"async\" width=\"1172\" height=\"471\" src=\"https:\/\/graphias.com.br\/novo\/wp-content\/uploads\/2021\/11\/RoM-ceramica-slide-01-1250x500.png\" class=\"attachment-codevz_1200_500\" alt=\"Rom ceramica slide 01 1250x500\" title=\"rom-ceramica-slide-01-1250x500\" srcset=\"https:\/\/graphias.com.br\/novo\/wp-content\/uploads\/2021\/11\/RoM-ceramica-slide-01-1250x500.png 1172w, https:\/\/graphias.com.br\/novo\/wp-content\/uploads\/2021\/11\/RoM-ceramica-slide-01-1250x500-300x121.png 300w, https:\/\/graphias.com.br\/novo\/wp-content\/uploads\/2021\/11\/RoM-ceramica-slide-01-1250x500-1024x412.png 1024w, https:\/\/graphias.com.br\/novo\/wp-content\/uploads\/2021\/11\/RoM-ceramica-slide-01-1250x500-768x309.png 768w, https:\/\/graphias.com.br\/novo\/wp-content\/uploads\/2021\/11\/RoM-ceramica-slide-01-1250x500-600x241.png 600w\" sizes=\"auto, (max-width: 1172px) 100vw, 1172px\" loading=\"lazy\" \/><div class=\"cz_grid_details\"><i class=\" cz_grid_icon\"><\/i><\/div><\/a><div class=\"cz_grid_details cz_grid_details_outside\"><a class=\"cz_grid_title\" href=\"https:\/\/graphias.com.br\/novo\/arte-design-graphias-2021-rosana-marioto\/\"><h3 class=\"cz_grid_post_title\">\u2018Arte | Design\u2019 graphias 2021 &#8211; Rosana Marioto<\/h3><\/a><small class=\"clr\"><span class=\"cz_post_data cz_data_date\"><a href=\"https:\/\/graphias.com.br\/novo\/arte-design-graphias-2021-rosana-marioto\/\">26\/11\/2021<\/a><\/span><\/small><div class=\"cz_post_excerpt\"> ...<\/div><\/div><\/div><\/div><div data-id=\"6112\" class=\"cz_grid_item  cz_posts_list_even 6112 post-6112 post type-post status-publish format-standard has-post-thumbnail hentry category-1324\"><div class=\"clr\"><a class=\"cz_grid_link\" href=\"https:\/\/graphias.com.br\/novo\/arte-design-graphias-2021-ines-raphaelian\/\" title=\"\u2018Arte | Design\u2019 graphias 2021 &#8211; In\u00eas Raphaelian\"><img loading=\"lazy\" decoding=\"async\" width=\"750\" height=\"375\" src=\"https:\/\/graphias.com.br\/novo\/wp-content\/uploads\/2021\/11\/InR-imagem-destacada-800-x-400.png\" class=\"attachment-codevz_1200_500\" alt=\"Inr imagem destacada 800 x 400\" title=\"inr-imagem-destacada-800-x-400\" srcset=\"https:\/\/graphias.com.br\/novo\/wp-content\/uploads\/2021\/11\/InR-imagem-destacada-800-x-400.png 750w, https:\/\/graphias.com.br\/novo\/wp-content\/uploads\/2021\/11\/InR-imagem-destacada-800-x-400-300x150.png 300w, https:\/\/graphias.com.br\/novo\/wp-content\/uploads\/2021\/11\/InR-imagem-destacada-800-x-400-600x300.png 600w\" sizes=\"auto, (max-width: 750px) 100vw, 750px\" loading=\"lazy\" \/><div class=\"cz_grid_details\"><i class=\" cz_grid_icon\"><\/i><\/div><\/a><div class=\"cz_grid_details cz_grid_details_outside\"><a class=\"cz_grid_title\" href=\"https:\/\/graphias.com.br\/novo\/arte-design-graphias-2021-ines-raphaelian\/\"><h3 class=\"cz_grid_post_title\">\u2018Arte | Design\u2019 graphias 2021 &#8211; In\u00eas Raphaelian<\/h3><\/a><small class=\"clr\"><span class=\"cz_post_data cz_data_date\"><a href=\"https:\/\/graphias.com.br\/novo\/arte-design-graphias-2021-ines-raphaelian\/\">26\/11\/2021<\/a><\/span><\/small><div class=\"cz_post_excerpt\"> ...<\/div><\/div><\/div><\/div><div data-id=\"6097\" class=\"cz_grid_item  cz_posts_list_odd 6097 post-6097 post type-post status-publish format-standard has-post-thumbnail hentry category-1324\"><div class=\"clr\"><a class=\"cz_grid_link\" href=\"https:\/\/graphias.com.br\/novo\/arte-design-graphias-2021-salete-mulin\/\" title=\"\u2018Arte | Design\u2019 graphias 2021 &#8211; Salete Mulin\"><img loading=\"lazy\" decoding=\"async\" width=\"750\" height=\"375\" src=\"https:\/\/graphias.com.br\/novo\/wp-content\/uploads\/2021\/11\/banner-home-Salete-Mulin-imgem-destacada-2-800x400-1.png\" class=\"attachment-codevz_1200_500\" alt=\"Banner home salete mulin imgem destacada 2 800x400\" title=\"banner-home-salete-mulin-imgem-destacada-2-800x400\" srcset=\"https:\/\/graphias.com.br\/novo\/wp-content\/uploads\/2021\/11\/banner-home-Salete-Mulin-imgem-destacada-2-800x400-1.png 750w, https:\/\/graphias.com.br\/novo\/wp-content\/uploads\/2021\/11\/banner-home-Salete-Mulin-imgem-destacada-2-800x400-1-300x150.png 300w, https:\/\/graphias.com.br\/novo\/wp-content\/uploads\/2021\/11\/banner-home-Salete-Mulin-imgem-destacada-2-800x400-1-600x300.png 600w\" sizes=\"auto, (max-width: 750px) 100vw, 750px\" loading=\"lazy\" \/><div class=\"cz_grid_details\"><i class=\" cz_grid_icon\"><\/i><\/div><\/a><div class=\"cz_grid_details cz_grid_details_outside\"><a class=\"cz_grid_title\" href=\"https:\/\/graphias.com.br\/novo\/arte-design-graphias-2021-salete-mulin\/\"><h3 class=\"cz_grid_post_title\">\u2018Arte | Design\u2019 graphias 2021 &#8211; Salete Mulin<\/h3><\/a><small class=\"clr\"><span class=\"cz_post_data cz_data_date\"><a href=\"https:\/\/graphias.com.br\/novo\/arte-design-graphias-2021-salete-mulin\/\">23\/11\/2021<\/a><\/span><\/small><div class=\"cz_post_excerpt\"> ...<\/div><\/div><\/div><\/div><div data-id=\"6069\" class=\"cz_grid_item  cz_posts_list_even 6069 post-6069 post type-post status-publish format-standard has-post-thumbnail hentry category-1324\"><div class=\"clr\"><a class=\"cz_grid_link\" href=\"https:\/\/graphias.com.br\/novo\/arte-design-graphias-2021-rosa-esteves\/\" title=\"\u2018Arte | Design\u2019 graphias 2021 &#8211; Rosa Esteves\"><img loading=\"lazy\" decoding=\"async\" width=\"750\" height=\"375\" src=\"https:\/\/graphias.com.br\/novo\/wp-content\/uploads\/2021\/11\/banner-home-Rosa-Esteves-imgem-destacada-800x400-1.png\" class=\"attachment-codevz_1200_500\" alt=\"Banner home rosa esteves imgem destacada 800x400\" title=\"banner-home-rosa-esteves-imgem-destacada-800x400\" srcset=\"https:\/\/graphias.com.br\/novo\/wp-content\/uploads\/2021\/11\/banner-home-Rosa-Esteves-imgem-destacada-800x400-1.png 750w, https:\/\/graphias.com.br\/novo\/wp-content\/uploads\/2021\/11\/banner-home-Rosa-Esteves-imgem-destacada-800x400-1-300x150.png 300w, https:\/\/graphias.com.br\/novo\/wp-content\/uploads\/2021\/11\/banner-home-Rosa-Esteves-imgem-destacada-800x400-1-600x300.png 600w\" sizes=\"auto, (max-width: 750px) 100vw, 750px\" loading=\"lazy\" \/><div class=\"cz_grid_details\"><i class=\" cz_grid_icon\"><\/i><\/div><\/a><div class=\"cz_grid_details cz_grid_details_outside\"><a class=\"cz_grid_title\" href=\"https:\/\/graphias.com.br\/novo\/arte-design-graphias-2021-rosa-esteves\/\"><h3 class=\"cz_grid_post_title\">\u2018Arte | Design\u2019 graphias 2021 &#8211; Rosa Esteves<\/h3><\/a><small class=\"clr\"><span class=\"cz_post_data cz_data_date\"><a href=\"https:\/\/graphias.com.br\/novo\/arte-design-graphias-2021-rosa-esteves\/\">21\/11\/2021<\/a><\/span><\/small><div class=\"cz_post_excerpt\"> ...<\/div><\/div><\/div><\/div><div data-id=\"6045\" class=\"cz_grid_item  cz_posts_list_odd 6045 post-6045 post type-post status-publish format-standard has-post-thumbnail hentry category-1324\"><div class=\"clr\"><a class=\"cz_grid_link\" href=\"https:\/\/graphias.com.br\/novo\/arte-design-graphias-2021-leonor-decourt\/\" title=\"&#8216;Arte | Design&#8217; graphias 2021 &#8211; Leonor D\u00e9court\"><img loading=\"lazy\" decoding=\"async\" width=\"750\" height=\"375\" src=\"https:\/\/graphias.com.br\/novo\/wp-content\/uploads\/2021\/11\/banner-home-Leonor-D\u00e9court-imgem-destacada-800x400.png\" class=\"attachment-codevz_1200_500\" alt=\"Banner home leonor decourt imgem destacada 800x400\" title=\"banner-home-leonor-decourt-imgem-destacada-800x400\" srcset=\"https:\/\/graphias.com.br\/novo\/wp-content\/uploads\/2021\/11\/banner-home-Leonor-D\u00e9court-imgem-destacada-800x400.png 750w, https:\/\/graphias.com.br\/novo\/wp-content\/uploads\/2021\/11\/banner-home-Leonor-D\u00e9court-imgem-destacada-800x400-300x150.png 300w, https:\/\/graphias.com.br\/novo\/wp-content\/uploads\/2021\/11\/banner-home-Leonor-D\u00e9court-imgem-destacada-800x400-600x300.png 600w\" sizes=\"auto, (max-width: 750px) 100vw, 750px\" loading=\"lazy\" \/><div class=\"cz_grid_details\"><i class=\" cz_grid_icon\"><\/i><\/div><\/a><div class=\"cz_grid_details cz_grid_details_outside\"><a class=\"cz_grid_title\" href=\"https:\/\/graphias.com.br\/novo\/arte-design-graphias-2021-leonor-decourt\/\"><h3 class=\"cz_grid_post_title\">&#8216;Arte | Design&#8217; graphias 2021 &#8211; Leonor D\u00e9court<\/h3><\/a><small class=\"clr\"><span class=\"cz_post_data cz_data_date\"><a href=\"https:\/\/graphias.com.br\/novo\/arte-design-graphias-2021-leonor-decourt\/\">20\/11\/2021<\/a><\/span><\/small><div class=\"cz_post_excerpt\">Trabalhos de Leonor D\u00e9court ...<\/div><\/div><\/div><\/div><div class=\"tac mt40 cz_no_grid\">\n\t<nav class=\"navigation pagination\" aria-label=\"Pagina\u00e7\u00e3o de posts\">\n\t\t<h2 class=\"screen-reader-text\">Pagina\u00e7\u00e3o de posts<\/h2>\n\t\t<div class=\"nav-links\"><span aria-label=\"Page 1\" aria-current=\"page\" class=\"page-numbers current\">1<\/span>\n<a aria-label=\"Page 2\" class=\"page-numbers\" href=\"https:\/\/graphias.com.br\/novo\/wp-json\/wp\/v2\/pages\/6892\/page\/2\/\">2<\/a>\n<span class=\"page-numbers dots\">&hellip;<\/span>\n<a aria-label=\"Page 12\" class=\"page-numbers\" href=\"https:\/\/graphias.com.br\/novo\/wp-json\/wp\/v2\/pages\/6892\/page\/12\/\">12<\/a>\n<a class=\"next page-numbers\" href=\"https:\/\/graphias.com.br\/novo\/wp-json\/wp\/v2\/pages\/6892\/page\/2\/\"><i class=\"fa fa-angle-double-right ml4\"><\/i><\/a><\/div>\n\t<\/nav><\/div><\/div><\/div>[\/vc_column][\/vc_row]\n<\/div>","protected":false},"excerpt":{"rendered":"<p>[vc_row][vc_column][\/vc_column][\/vc_row] &#8230; <a class=\"cz_readmore\" href=\"https:\/\/graphias.com.br\/novo\/arte-design-graphias-2021-leonor-decourt\/\"><i class=\"fa fa-angle-right\" aria-hidden=\"true\"><\/i><span>Read More<\/span><\/a><\/p>\n","protected":false},"author":1,"featured_media":0,"parent":0,"menu_order":0,"comment_status":"closed","ping_status":"closed","template":"","meta":{"footnotes":""},"class_list":["post-6892","page","type-page","status-publish","hentry"],"_links":{"self":[{"href":"https:\/\/graphias.com.br\/novo\/wp-json\/wp\/v2\/pages\/6892","targetHints":{"allow":["GET"]}}],"collection":[{"href":"https:\/\/graphias.com.br\/novo\/wp-json\/wp\/v2\/pages"}],"about":[{"href":"https:\/\/graphias.com.br\/novo\/wp-json\/wp\/v2\/types\/page"}],"author":[{"embeddable":true,"href":"https:\/\/graphias.com.br\/novo\/wp-json\/wp\/v2\/users\/1"}],"replies":[{"embeddable":true,"href":"https:\/\/graphias.com.br\/novo\/wp-json\/wp\/v2\/comments?post=6892"}],"version-history":[{"count":20,"href":"https:\/\/graphias.com.br\/novo\/wp-json\/wp\/v2\/pages\/6892\/revisions"}],"predecessor-version":[{"id":7102,"href":"https:\/\/graphias.com.br\/novo\/wp-json\/wp\/v2\/pages\/6892\/revisions\/7102"}],"wp:attachment":[{"href":"https:\/\/graphias.com.br\/novo\/wp-json\/wp\/v2\/media?parent=6892"}],"curies":[{"name":"wp","href":"https:\/\/api.w.org\/{rel}","templated":true}]}}