{"id":2035,"date":"2017-01-18T13:13:57","date_gmt":"2017-01-18T13:13:57","guid":{"rendered":"http:\/\/www.graphias.com.br\/novo\/?post_type=product&#038;p=2035"},"modified":"2017-01-18T13:13:57","modified_gmt":"2017-01-18T13:13:57","slug":"serie-um-ceu-para-voce-8","status":"publish","type":"product","link":"https:\/\/graphias.com.br\/novo\/produto\/serie-um-ceu-para-voce-8\/","title":{"rendered":"S\u00e9rie Um c\u00e9u para voc\u00ea"},"content":{"rendered":"","protected":false},"excerpt":{"rendered":"","protected":false},"featured_media":2036,"comment_status":"open","ping_status":"closed","template":"","meta":[],"product_brand":[],"product_cat":[326],"product_tag":[],"class_list":{"0":"post-2035","1":"product","2":"type-product","3":"status-publish","4":"has-post-thumbnail","6":"product_cat-ana-alice-francisquetti","8":"first","9":"instock","10":"shipping-taxable","11":"product-type-simple"},"_links":{"self":[{"href":"https:\/\/graphias.com.br\/novo\/wp-json\/wp\/v2\/product\/2035","targetHints":{"allow":["GET"]}}],"collection":[{"href":"https:\/\/graphias.com.br\/novo\/wp-json\/wp\/v2\/product"}],"about":[{"href":"https:\/\/graphias.com.br\/novo\/wp-json\/wp\/v2\/types\/product"}],"replies":[{"embeddable":true,"href":"https:\/\/graphias.com.br\/novo\/wp-json\/wp\/v2\/comments?post=2035"}],"wp:featuredmedia":[{"embeddable":true,"href":"https:\/\/graphias.com.br\/novo\/wp-json\/wp\/v2\/media\/2036"}],"wp:attachment":[{"href":"https:\/\/graphias.com.br\/novo\/wp-json\/wp\/v2\/media?parent=2035"}],"wp:term":[{"taxonomy":"product_brand","embeddable":true,"href":"https:\/\/graphias.com.br\/novo\/wp-json\/wp\/v2\/product_brand?post=2035"},{"taxonomy":"product_cat","embeddable":true,"href":"https:\/\/graphias.com.br\/novo\/wp-json\/wp\/v2\/product_cat?post=2035"},{"taxonomy":"product_tag","embeddable":true,"href":"https:\/\/graphias.com.br\/novo\/wp-json\/wp\/v2\/product_tag?post=2035"}],"curies":[{"name":"wp","href":"https:\/\/api.w.org\/{rel}","templated":true}]}}