{"id":4228,"date":"2017-05-12T18:24:53","date_gmt":"2017-05-12T18:24:53","guid":{"rendered":"http:\/\/www.graphias.com.br\/novo\/?post_type=product&#038;p=4228"},"modified":"2017-05-12T18:24:53","modified_gmt":"2017-05-12T18:24:53","slug":"memorias-submersas-ou-prisioneira-da-passagem-10","status":"publish","type":"product","link":"https:\/\/graphias.com.br\/novo\/produto\/memorias-submersas-ou-prisioneira-da-passagem-10\/","title":{"rendered":"Mem\u00f3rias submersas ou prisioneira da passagem"},"content":{"rendered":"<p>capta\u00e7\u00e3o digital<br \/>\nLocal Carrancas, Minas Gerais, setembro de 2010<\/p>\n","protected":false},"excerpt":{"rendered":"<p>capta\u00e7\u00e3o digital Local Carrancas, Minas Gerais, setembro de 2010 &#8230; <\/p>\n","protected":false},"featured_media":4229,"comment_status":"open","ping_status":"closed","template":"","meta":[],"product_brand":[],"product_cat":[951],"product_tag":[],"class_list":{"0":"post-4228","1":"product","2":"type-product","3":"status-publish","4":"has-post-thumbnail","6":"product_cat-rosa-esteves","8":"first","9":"instock","10":"shipping-taxable","11":"product-type-simple"},"_links":{"self":[{"href":"https:\/\/graphias.com.br\/novo\/wp-json\/wp\/v2\/product\/4228","targetHints":{"allow":["GET"]}}],"collection":[{"href":"https:\/\/graphias.com.br\/novo\/wp-json\/wp\/v2\/product"}],"about":[{"href":"https:\/\/graphias.com.br\/novo\/wp-json\/wp\/v2\/types\/product"}],"replies":[{"embeddable":true,"href":"https:\/\/graphias.com.br\/novo\/wp-json\/wp\/v2\/comments?post=4228"}],"wp:featuredmedia":[{"embeddable":true,"href":"https:\/\/graphias.com.br\/novo\/wp-json\/wp\/v2\/media\/4229"}],"wp:attachment":[{"href":"https:\/\/graphias.com.br\/novo\/wp-json\/wp\/v2\/media?parent=4228"}],"wp:term":[{"taxonomy":"product_brand","embeddable":true,"href":"https:\/\/graphias.com.br\/novo\/wp-json\/wp\/v2\/product_brand?post=4228"},{"taxonomy":"product_cat","embeddable":true,"href":"https:\/\/graphias.com.br\/novo\/wp-json\/wp\/v2\/product_cat?post=4228"},{"taxonomy":"product_tag","embeddable":true,"href":"https:\/\/graphias.com.br\/novo\/wp-json\/wp\/v2\/product_tag?post=4228"}],"curies":[{"name":"wp","href":"https:\/\/api.w.org\/{rel}","templated":true}]}}