{"id":4284,"date":"2017-08-01T16:52:30","date_gmt":"2017-08-01T16:52:30","guid":{"rendered":"http:\/\/www.graphias.com.br\/novo\/?post_type=product&#038;p=4284"},"modified":"2017-08-01T16:52:30","modified_gmt":"2017-08-01T16:52:30","slug":"variacoes-paradiziacas-iii","status":"publish","type":"product","link":"https:\/\/graphias.com.br\/novo\/produto\/variacoes-paradiziacas-iii\/","title":{"rendered":"Varia\u00e7\u00f5es Paradiz\u00edacas III"},"content":{"rendered":"","protected":false},"excerpt":{"rendered":"","protected":false},"featured_media":4285,"comment_status":"open","ping_status":"closed","template":"","meta":[],"product_brand":[],"product_cat":[957],"product_tag":[],"class_list":{"0":"post-4284","1":"product","2":"type-product","3":"status-publish","4":"has-post-thumbnail","6":"product_cat-antonio-carlos-rampazzo","8":"first","9":"instock","10":"shipping-taxable","11":"product-type-simple"},"_links":{"self":[{"href":"https:\/\/graphias.com.br\/novo\/wp-json\/wp\/v2\/product\/4284","targetHints":{"allow":["GET"]}}],"collection":[{"href":"https:\/\/graphias.com.br\/novo\/wp-json\/wp\/v2\/product"}],"about":[{"href":"https:\/\/graphias.com.br\/novo\/wp-json\/wp\/v2\/types\/product"}],"replies":[{"embeddable":true,"href":"https:\/\/graphias.com.br\/novo\/wp-json\/wp\/v2\/comments?post=4284"}],"wp:featuredmedia":[{"embeddable":true,"href":"https:\/\/graphias.com.br\/novo\/wp-json\/wp\/v2\/media\/4285"}],"wp:attachment":[{"href":"https:\/\/graphias.com.br\/novo\/wp-json\/wp\/v2\/media?parent=4284"}],"wp:term":[{"taxonomy":"product_brand","embeddable":true,"href":"https:\/\/graphias.com.br\/novo\/wp-json\/wp\/v2\/product_brand?post=4284"},{"taxonomy":"product_cat","embeddable":true,"href":"https:\/\/graphias.com.br\/novo\/wp-json\/wp\/v2\/product_cat?post=4284"},{"taxonomy":"product_tag","embeddable":true,"href":"https:\/\/graphias.com.br\/novo\/wp-json\/wp\/v2\/product_tag?post=4284"}],"curies":[{"name":"wp","href":"https:\/\/api.w.org\/{rel}","templated":true}]}}