{"id":4534,"date":"2017-08-17T18:21:31","date_gmt":"2017-08-17T18:21:31","guid":{"rendered":"http:\/\/www.graphias.com.br\/novo\/galeria-virtual\/stitulo-4\/"},"modified":"2017-08-22T14:43:59","modified_gmt":"2017-08-22T14:43:59","slug":"stitulo-4","status":"publish","type":"product","link":"https:\/\/graphias.com.br\/novo\/produto\/stitulo-4\/","title":{"rendered":"S\/T\u00edtulo"},"content":{"rendered":"<p>Gravura em Metal, \u00e1gua-forte, \u00e1gua-tinta e ponta-seca.<\/p>\n","protected":false},"excerpt":{"rendered":"<p>Gravura em Metal, \u00e1gua-forte, \u00e1gua-tinta e ponta-seca. &#8230; <\/p>\n","protected":false},"featured_media":4535,"comment_status":"open","ping_status":"closed","template":"","meta":[],"product_brand":[],"product_cat":[1054],"product_tag":[],"class_list":{"0":"post-4534","1":"product","2":"type-product","3":"status-publish","4":"has-post-thumbnail","6":"product_cat-norma-mobilon","8":"first","9":"instock","10":"shipping-taxable","11":"product-type-simple"},"_links":{"self":[{"href":"https:\/\/graphias.com.br\/novo\/wp-json\/wp\/v2\/product\/4534","targetHints":{"allow":["GET"]}}],"collection":[{"href":"https:\/\/graphias.com.br\/novo\/wp-json\/wp\/v2\/product"}],"about":[{"href":"https:\/\/graphias.com.br\/novo\/wp-json\/wp\/v2\/types\/product"}],"replies":[{"embeddable":true,"href":"https:\/\/graphias.com.br\/novo\/wp-json\/wp\/v2\/comments?post=4534"}],"wp:featuredmedia":[{"embeddable":true,"href":"https:\/\/graphias.com.br\/novo\/wp-json\/wp\/v2\/media\/4535"}],"wp:attachment":[{"href":"https:\/\/graphias.com.br\/novo\/wp-json\/wp\/v2\/media?parent=4534"}],"wp:term":[{"taxonomy":"product_brand","embeddable":true,"href":"https:\/\/graphias.com.br\/novo\/wp-json\/wp\/v2\/product_brand?post=4534"},{"taxonomy":"product_cat","embeddable":true,"href":"https:\/\/graphias.com.br\/novo\/wp-json\/wp\/v2\/product_cat?post=4534"},{"taxonomy":"product_tag","embeddable":true,"href":"https:\/\/graphias.com.br\/novo\/wp-json\/wp\/v2\/product_tag?post=4534"}],"curies":[{"name":"wp","href":"https:\/\/api.w.org\/{rel}","templated":true}]}}